{"id":19,"date":"2026-02-06T18:46:52","date_gmt":"2026-02-06T18:46:52","guid":{"rendered":"https:\/\/www.primavera-hostel.com\/?page_id=19"},"modified":"2026-03-19T21:24:01","modified_gmt":"2026-03-19T21:24:01","slug":"comunidad-primavera","status":"publish","type":"page","link":"https:\/\/www.primavera-hostel.com\/en\/comunidad-primavera\/","title":{"rendered":"Primavera Community"},"content":{"rendered":"<div data-elementor-type=\"wp-page\" data-elementor-id=\"19\" class=\"elementor elementor-19\" data-elementor-post-type=\"page\">\n\t\t\t\t<div class=\"elementor-element elementor-element-9778327 e-flex e-con-boxed e-con e-parent\" data-id=\"9778327\" data-element_type=\"container\" data-e-type=\"container\" data-settings=\"{&quot;background_background&quot;:&quot;classic&quot;}\">\n\t\t\t\t\t<div class=\"e-con-inner\">\n\t\t<div class=\"elementor-element elementor-element-3ece745 e-con-full e-flex e-con e-child\" data-id=\"3ece745\" data-element_type=\"container\" data-e-type=\"container\">\n\t\t\t\t<div class=\"elementor-element elementor-element-bc7996a elementor-invisible elementor-widget elementor-widget-heading\" data-id=\"bc7996a\" data-element_type=\"widget\" data-e-type=\"widget\" data-settings=\"{&quot;_animation&quot;:&quot;fadeInUp&quot;}\" data-widget_type=\"heading.default\">\n\t\t\t\t\t<h1 class=\"elementor-heading-title elementor-size-default\">Primavera Community<\/h1>\t\t\t\t<\/div>\n\t\t\t\t<div class=\"elementor-element elementor-element-7bb86df elementor-widget elementor-widget-text-editor\" data-id=\"7bb86df\" data-element_type=\"widget\" data-e-type=\"widget\" data-widget_type=\"text-editor.default\">\n\t\t\t\t\t\t\t\t\t<p>Primavera would not be what it is without the people who inhabit it every day.<\/p><p>People like you.<\/p><p>Our guests turn the rooms into settings for friendship, dinners into unforgettable gatherings, and the city into a shared memory.\u00a0<\/p><p>This is their community, built by each person and their own story; it can be yours too.<\/p>\t\t\t\t\t\t\t\t<\/div>\n\t\t\t\t<\/div>\n\t\t<div class=\"elementor-element elementor-element-3665932 e-con-full e-flex e-con e-child\" data-id=\"3665932\" data-element_type=\"container\" data-e-type=\"container\">\n\t\t\t\t<div class=\"elementor-element elementor-element-48eca21 elementor-widget__width-initial elementor-widget-tablet__width-inherit elementor-hidden-desktop elementor-hidden-laptop elementor-widget elementor-widget-image\" data-id=\"48eca21\" data-element_type=\"widget\" data-e-type=\"widget\" data-widget_type=\"image.default\">\n\t\t\t\t\t\t\t\t\t\t\t\t\t\t\t<img fetchpriority=\"high\" decoding=\"async\" width=\"800\" height=\"841\" src=\"https:\/\/www.primavera-hostel.com\/wp-content\/uploads\/2026\/02\/img_banner_comunidad_primavera_1-974x1024.webp\" class=\"attachment-large size-large wp-image-317\" alt=\"img_banner_comunidad_primavera_1\" srcset=\"https:\/\/www.primavera-hostel.com\/wp-content\/uploads\/2026\/02\/img_banner_comunidad_primavera_1-974x1024.webp 974w, https:\/\/www.primavera-hostel.com\/wp-content\/uploads\/2026\/02\/img_banner_comunidad_primavera_1-285x300.webp 285w, https:\/\/www.primavera-hostel.com\/wp-content\/uploads\/2026\/02\/img_banner_comunidad_primavera_1-768x807.webp 768w, https:\/\/www.primavera-hostel.com\/wp-content\/uploads\/2026\/02\/img_banner_comunidad_primavera_1.webp 1412w\" sizes=\"(max-width: 800px) 100vw, 800px\" \/>\t\t\t\t\t\t\t\t\t\t\t\t\t\t\t<\/div>\n\t\t\t\t<\/div>\n\t\t\t\t<div class=\"elementor-element elementor-element-d584c37 elementor-widget__width-initial elementor-absolute elementor-hidden-tablet elementor-hidden-mobile img-hero elementor-widget elementor-widget-image\" data-id=\"d584c37\" data-element_type=\"widget\" data-e-type=\"widget\" data-settings=\"{&quot;_position&quot;:&quot;absolute&quot;}\" data-widget_type=\"image.default\">\n\t\t\t\t\t\t\t\t\t\t\t\t\t\t\t<img decoding=\"async\" width=\"1412\" height=\"1484\" src=\"https:\/\/www.primavera-hostel.com\/wp-content\/uploads\/2026\/02\/img_banner_comunidad_primavera_1.webp\" class=\"attachment-1536x1536 size-1536x1536 wp-image-317\" alt=\"img_banner_comunidad_primavera_1\" srcset=\"https:\/\/www.primavera-hostel.com\/wp-content\/uploads\/2026\/02\/img_banner_comunidad_primavera_1.webp 1412w, https:\/\/www.primavera-hostel.com\/wp-content\/uploads\/2026\/02\/img_banner_comunidad_primavera_1-285x300.webp 285w, https:\/\/www.primavera-hostel.com\/wp-content\/uploads\/2026\/02\/img_banner_comunidad_primavera_1-974x1024.webp 974w, https:\/\/www.primavera-hostel.com\/wp-content\/uploads\/2026\/02\/img_banner_comunidad_primavera_1-768x807.webp 768w\" sizes=\"(max-width: 1412px) 100vw, 1412px\" \/>\t\t\t\t\t\t\t\t\t\t\t\t\t\t\t<\/div>\n\t\t\t\t\t<\/div>\n\t\t\t\t<\/div>\n\t\t<div class=\"elementor-element elementor-element-02de758 e-flex e-con-boxed e-con e-parent\" data-id=\"02de758\" data-element_type=\"container\" data-e-type=\"container\" data-settings=\"{&quot;background_background&quot;:&quot;classic&quot;}\">\n\t\t\t\t\t<div class=\"e-con-inner\">\n\t\t<div class=\"elementor-element elementor-element-4c0b853 e-con-full e-flex e-con e-child\" data-id=\"4c0b853\" data-element_type=\"container\" data-e-type=\"container\" data-settings=\"{&quot;background_background&quot;:&quot;classic&quot;}\">\n\t\t\t\t<\/div>\n\t\t<div class=\"elementor-element elementor-element-0fc0db8 e-con-full e-flex e-con e-child\" data-id=\"0fc0db8\" data-element_type=\"container\" data-e-type=\"container\">\n\t\t\t\t<div class=\"elementor-element elementor-element-5e7db34 elementor-invisible elementor-widget elementor-widget-heading\" data-id=\"5e7db34\" data-element_type=\"widget\" data-e-type=\"widget\" data-settings=\"{&quot;_animation&quot;:&quot;fadeInUp&quot;}\" data-widget_type=\"heading.default\">\n\t\t\t\t\t<h2 class=\"elementor-heading-title elementor-size-default\">Guest stories<\/h2>\t\t\t\t<\/div>\n\t\t\t\t<div class=\"elementor-element elementor-element-9655c08 elementor-widget elementor-widget-spacer\" data-id=\"9655c08\" data-element_type=\"widget\" data-e-type=\"widget\" data-widget_type=\"spacer.default\">\n\t\t\t\t\t\t\t<div class=\"elementor-spacer\">\n\t\t\t<div class=\"elementor-spacer-inner\"><\/div>\n\t\t<\/div>\n\t\t\t\t\t\t<\/div>\n\t\t\t\t<div class=\"elementor-element elementor-element-a9a79ee elementor-widget elementor-widget-text-editor\" data-id=\"a9a79ee\" data-element_type=\"widget\" data-e-type=\"widget\" data-widget_type=\"text-editor.default\">\n\t\t\t\t\t\t\t\t\t<p>At Primavera Hostel, we have decided that slow travel is not a trend, but our way of doing things.<br \/><br \/>Discovering Barcelona alongside those who live it every day.<br \/><br \/>Over time, that way of travelling has left us with stories that stay with us:<br \/>moves that began between these walls,<br \/>families who return every year,<br \/>international friendships born in a shared kitchen.<br \/><br \/>Real stories.<br \/>Real people.<br \/><br \/>Meet them here.<\/p>\t\t\t\t\t\t\t\t<\/div>\n\t\t\t\t<div class=\"elementor-element elementor-element-fcf8c59 elementor-widget-divider--view-line elementor-widget elementor-widget-divider\" data-id=\"fcf8c59\" data-element_type=\"widget\" data-e-type=\"widget\" data-widget_type=\"divider.default\">\n\t\t\t\t\t\t\t<div class=\"elementor-divider\">\n\t\t\t<span class=\"elementor-divider-separator\">\n\t\t\t\t\t\t<\/span>\n\t\t<\/div>\n\t\t\t\t\t\t<\/div>\n\t\t\t\t<\/div>\n\t\t\t\t\t<\/div>\n\t\t\t\t<\/div>\n\t\t\t\t<\/div>","protected":false},"excerpt":{"rendered":"<p>Comunidad Primavera Primavera no ser\u00eda lo que es sin las personas que lo habitan cada d\u00eda. Personas como t\u00fa. Nuestros hu\u00e9spedes convierten las habitaciones en escenarios de amistad, las cenas en encuentros inolvidables y la ciudad en un recuerdo compartido.\u00a0 Esta es su comunidad\u00a0 que se construye con cada persona y su respectiva historia, tambi\u00e9n [&hellip;]<\/p>\n","protected":false},"author":1,"featured_media":0,"parent":0,"menu_order":0,"comment_status":"closed","ping_status":"closed","template":"elementor_header_footer","meta":{"footnotes":""},"class_list":["post-19","page","type-page","status-publish","hentry"],"_links":{"self":[{"href":"https:\/\/www.primavera-hostel.com\/en\/wp-json\/wp\/v2\/pages\/19","targetHints":{"allow":["GET"]}}],"collection":[{"href":"https:\/\/www.primavera-hostel.com\/en\/wp-json\/wp\/v2\/pages"}],"about":[{"href":"https:\/\/www.primavera-hostel.com\/en\/wp-json\/wp\/v2\/types\/page"}],"author":[{"embeddable":true,"href":"https:\/\/www.primavera-hostel.com\/en\/wp-json\/wp\/v2\/users\/1"}],"replies":[{"embeddable":true,"href":"https:\/\/www.primavera-hostel.com\/en\/wp-json\/wp\/v2\/comments?post=19"}],"version-history":[{"count":31,"href":"https:\/\/www.primavera-hostel.com\/en\/wp-json\/wp\/v2\/pages\/19\/revisions"}],"predecessor-version":[{"id":1091,"href":"https:\/\/www.primavera-hostel.com\/en\/wp-json\/wp\/v2\/pages\/19\/revisions\/1091"}],"wp:attachment":[{"href":"https:\/\/www.primavera-hostel.com\/en\/wp-json\/wp\/v2\/media?parent=19"}],"curies":[{"name":"wp","href":"https:\/\/api.w.org\/{rel}","templated":true}]}}