{"id":27,"date":"2026-02-06T18:47:33","date_gmt":"2026-02-06T18:47:33","guid":{"rendered":"https:\/\/www.primavera-hostel.com\/?page_id=27"},"modified":"2026-03-24T10:29:59","modified_gmt":"2026-03-24T10:29:59","slug":"contacto","status":"publish","type":"page","link":"https:\/\/www.primavera-hostel.com\/en\/contacto\/","title":{"rendered":"Contacto"},"content":{"rendered":"<div data-elementor-type=\"wp-page\" data-elementor-id=\"27\" class=\"elementor elementor-27\" data-elementor-post-type=\"page\">\n\t\t\t\t<div class=\"elementor-element elementor-element-eadab64 e-flex e-con-boxed e-con e-parent\" data-id=\"eadab64\" data-element_type=\"container\" data-e-type=\"container\" data-settings=\"{&quot;background_background&quot;:&quot;classic&quot;}\">\n\t\t\t\t\t<div class=\"e-con-inner\">\n\t\t<div class=\"elementor-element elementor-element-37dadf9 e-con-full e-flex e-con e-child\" data-id=\"37dadf9\" data-element_type=\"container\" data-e-type=\"container\">\n\t\t\t\t<div class=\"elementor-element elementor-element-40bb1ff elementor-invisible elementor-widget elementor-widget-heading\" data-id=\"40bb1ff\" data-element_type=\"widget\" data-e-type=\"widget\" data-settings=\"{&quot;_animation&quot;:&quot;fadeInUp&quot;}\" data-widget_type=\"heading.default\">\n\t\t\t\t\t<h1 class=\"elementor-heading-title elementor-size-default\">Contacto<\/h1>\t\t\t\t<\/div>\n\t\t\t\t<div class=\"elementor-element elementor-element-939db4e elementor-widget elementor-widget-text-editor\" data-id=\"939db4e\" data-element_type=\"widget\" data-e-type=\"widget\" data-widget_type=\"text-editor.default\">\n\t\t\t\t\t\t\t\t\t<p>Estamos aqu\u00ed para ti. Si tienes cualquier duda sobre tu reserva, c\u00f3mo llegar o simplemente quieres m\u00e1s informaci\u00f3n antes de tu viaje, escr\u00edbenos o ll\u00e1manos. Nos encantar\u00e1 ayudarte a planear tu estancia en Barcelona.<\/p>\t\t\t\t\t\t\t\t<\/div>\n\t\t\t\t<\/div>\n\t\t<div class=\"elementor-element elementor-element-75abb54 e-con-full e-flex e-con e-child\" data-id=\"75abb54\" data-element_type=\"container\" data-e-type=\"container\">\n\t\t\t\t<div class=\"elementor-element elementor-element-a27c4c8 elementor-widget__width-initial elementor-widget-tablet__width-inherit elementor-hidden-desktop elementor-hidden-laptop elementor-widget elementor-widget-image\" data-id=\"a27c4c8\" data-element_type=\"widget\" data-e-type=\"widget\" data-widget_type=\"image.default\">\n\t\t\t\t\t\t\t\t\t\t\t\t\t\t\t<img fetchpriority=\"high\" decoding=\"async\" width=\"800\" height=\"841\" src=\"https:\/\/www.primavera-hostel.com\/wp-content\/uploads\/2026\/02\/img_banner_contacto-974x1024.webp\" class=\"attachment-large size-large wp-image-325\" alt=\"img_banner_contacto\" srcset=\"https:\/\/www.primavera-hostel.com\/wp-content\/uploads\/2026\/02\/img_banner_contacto-974x1024.webp 974w, https:\/\/www.primavera-hostel.com\/wp-content\/uploads\/2026\/02\/img_banner_contacto-285x300.webp 285w, https:\/\/www.primavera-hostel.com\/wp-content\/uploads\/2026\/02\/img_banner_contacto-768x807.webp 768w, https:\/\/www.primavera-hostel.com\/wp-content\/uploads\/2026\/02\/img_banner_contacto.webp 1412w\" sizes=\"(max-width: 800px) 100vw, 800px\" \/>\t\t\t\t\t\t\t\t\t\t\t\t\t\t\t<\/div>\n\t\t\t\t<\/div>\n\t\t\t\t<div class=\"elementor-element elementor-element-8d1540c elementor-widget__width-initial elementor-absolute elementor-hidden-tablet elementor-hidden-mobile img-hero elementor-widget elementor-widget-image\" data-id=\"8d1540c\" data-element_type=\"widget\" data-e-type=\"widget\" data-settings=\"{&quot;_position&quot;:&quot;absolute&quot;}\" data-widget_type=\"image.default\">\n\t\t\t\t\t\t\t\t\t\t\t\t\t\t\t<img decoding=\"async\" width=\"1412\" height=\"1484\" src=\"https:\/\/www.primavera-hostel.com\/wp-content\/uploads\/2026\/02\/img_banner_contacto.webp\" class=\"attachment-1536x1536 size-1536x1536 wp-image-325\" alt=\"img_banner_contacto\" srcset=\"https:\/\/www.primavera-hostel.com\/wp-content\/uploads\/2026\/02\/img_banner_contacto.webp 1412w, https:\/\/www.primavera-hostel.com\/wp-content\/uploads\/2026\/02\/img_banner_contacto-285x300.webp 285w, https:\/\/www.primavera-hostel.com\/wp-content\/uploads\/2026\/02\/img_banner_contacto-974x1024.webp 974w, https:\/\/www.primavera-hostel.com\/wp-content\/uploads\/2026\/02\/img_banner_contacto-768x807.webp 768w\" sizes=\"(max-width: 1412px) 100vw, 1412px\" \/>\t\t\t\t\t\t\t\t\t\t\t\t\t\t\t<\/div>\n\t\t\t\t\t<\/div>\n\t\t\t\t<\/div>\n\t\t<div class=\"elementor-element elementor-element-cca6761 e-flex e-con-boxed e-con e-parent\" data-id=\"cca6761\" data-element_type=\"container\" data-e-type=\"container\" data-settings=\"{&quot;background_background&quot;:&quot;classic&quot;}\">\n\t\t\t\t\t<div class=\"e-con-inner\">\n\t\t<div class=\"elementor-element elementor-element-a7b081a e-con-full e-flex e-con e-child\" data-id=\"a7b081a\" data-element_type=\"container\" data-e-type=\"container\">\n\t\t<div class=\"elementor-element elementor-element-676c2b3 e-con-full e-flex e-con e-child\" data-id=\"676c2b3\" data-element_type=\"container\" data-e-type=\"container\" data-settings=\"{&quot;background_background&quot;:&quot;classic&quot;}\">\n\t\t\t\t<div class=\"elementor-element elementor-element-d149b5a elementor-invisible elementor-widget elementor-widget-heading\" data-id=\"d149b5a\" data-element_type=\"widget\" data-e-type=\"widget\" data-settings=\"{&quot;_animation&quot;:&quot;fadeInUp&quot;}\" data-widget_type=\"heading.default\">\n\t\t\t\t\t<h2 class=\"elementor-heading-title elementor-size-default\">Informaci\u00f3n de contacto<\/h2>\t\t\t\t<\/div>\n\t\t\t\t<div class=\"elementor-element elementor-element-9857fba elementor-align-start elementor-tablet-align-center elementor-mobile-align-start elementor-icon-list--layout-traditional elementor-list-item-link-full_width elementor-widget elementor-widget-icon-list\" data-id=\"9857fba\" data-element_type=\"widget\" data-e-type=\"widget\" data-widget_type=\"icon-list.default\">\n\t\t\t\t\t\t\t<ul class=\"elementor-icon-list-items\">\n\t\t\t\t\t\t\t<li class=\"elementor-icon-list-item\">\n\t\t\t\t\t\t\t\t\t\t\t<span class=\"elementor-icon-list-icon\">\n\t\t\t\t\t\t\t<svg xmlns=\"http:\/\/www.w3.org\/2000\/svg\" width=\"24\" height=\"24\" viewbox=\"0 0 24 24\" fill=\"none\"><g clip-path=\"url(#clip0_3520_4088)\"><path d=\"M9 11C9 11.7956 9.31607 12.5587 9.87868 13.1213C10.4413 13.6839 11.2044 14 12 14C12.7956 14 13.5587 13.6839 14.1213 13.1213C14.6839 12.5587 15 11.7956 15 11C15 10.2044 14.6839 9.44129 14.1213 8.87868C13.5587 8.31607 12.7956 8 12 8C11.2044 8 10.4413 8.31607 9.87868 8.87868C9.31607 9.44129 9 10.2044 9 11Z\" stroke=\"#966E4F\" stroke-width=\"1.5\" stroke-linecap=\"round\" stroke-linejoin=\"round\"><\/path><path d=\"M17.657 16.6567L13.414 20.8997C13.039 21.2743 12.5306 21.4848 12.0005 21.4848C11.4704 21.4848 10.962 21.2743 10.587 20.8997L6.343 16.6567C5.22422 15.5379 4.46234 14.1124 4.15369 12.5606C3.84504 11.0087 4.00349 9.40022 4.60901 7.93844C5.21452 6.47665 6.2399 5.22725 7.55548 4.34821C8.87107 3.46918 10.4178 3 12 3C13.5822 3 15.1289 3.46918 16.4445 4.34821C17.7601 5.22725 18.7855 6.47665 19.391 7.93844C19.9965 9.40022 20.155 11.0087 19.8463 12.5606C19.5377 14.1124 18.7758 15.5379 17.657 16.6567Z\" stroke=\"#966E4F\" stroke-width=\"1.5\" stroke-linecap=\"round\" stroke-linejoin=\"round\"><\/path><\/g><defs><clippath id=\"clip0_3520_4088\"><rect width=\"24\" height=\"24\" fill=\"white\"><\/rect><\/clippath><\/defs><\/svg>\t\t\t\t\t\t<\/span>\n\t\t\t\t\t\t\t\t\t\t<span class=\"elementor-icon-list-text\">Direcci\u00f3n: Carrer de Mallorca 330 entresuelo, 08037 Barcelona<\/span>\n\t\t\t\t\t\t\t\t\t<\/li>\n\t\t\t\t\t\t\t\t<li class=\"elementor-icon-list-item\">\n\t\t\t\t\t\t\t\t\t\t\t<a href=\"mailto:primaverahostel@gmail.com\">\n\n\t\t\t\t\t\t\t\t\t\t\t\t<span class=\"elementor-icon-list-icon\">\n\t\t\t\t\t\t\t<svg xmlns=\"http:\/\/www.w3.org\/2000\/svg\" width=\"24\" height=\"24\" viewbox=\"0 0 24 24\" fill=\"none\"><g clip-path=\"url(#clip0_3520_4094)\"><path d=\"M3 7C3 6.46957 3.21071 5.96086 3.58579 5.58579C3.96086 5.21071 4.46957 5 5 5H19C19.5304 5 20.0391 5.21071 20.4142 5.58579C20.7893 5.96086 21 6.46957 21 7V17C21 17.5304 20.7893 18.0391 20.4142 18.4142C20.0391 18.7893 19.5304 19 19 19H5C4.46957 19 3.96086 18.7893 3.58579 18.4142C3.21071 18.0391 3 17.5304 3 17V7Z\" stroke=\"#966E4F\" stroke-width=\"1.5\" stroke-linecap=\"round\" stroke-linejoin=\"round\"><\/path><path d=\"M3 7L12 13L21 7\" stroke=\"#966E4F\" stroke-width=\"1.5\" stroke-linecap=\"round\" stroke-linejoin=\"round\"><\/path><\/g><defs><clippath id=\"clip0_3520_4094\"><rect width=\"24\" height=\"24\" fill=\"white\"><\/rect><\/clippath><\/defs><\/svg>\t\t\t\t\t\t<\/span>\n\t\t\t\t\t\t\t\t\t\t<span class=\"elementor-icon-list-text\">Email: primaverahostel@gmail.com<\/span>\n\t\t\t\t\t\t\t\t\t\t\t<\/a>\n\t\t\t\t\t\t\t\t\t<\/li>\n\t\t\t\t\t\t\t\t<li class=\"elementor-icon-list-item\">\n\t\t\t\t\t\t\t\t\t\t\t<a href=\"tel:+34%20931%20725%20151\">\n\n\t\t\t\t\t\t\t\t\t\t\t\t<span class=\"elementor-icon-list-icon\">\n\t\t\t\t\t\t\t<svg xmlns=\"http:\/\/www.w3.org\/2000\/svg\" width=\"24\" height=\"24\" viewbox=\"0 0 24 24\" fill=\"none\"><g clip-path=\"url(#clip0_3520_4100)\"><path d=\"M5 4H9L11 9L8.5 10.5C9.57096 12.6715 11.3285 14.429 13.5 15.5L15 13L20 15V19C20 19.5304 19.7893 20.0391 19.4142 20.4142C19.0391 20.7893 18.5304 21 18 21C14.0993 20.763 10.4202 19.1065 7.65683 16.3432C4.8935 13.5798 3.23705 9.90074 3 6C3 5.46957 3.21071 4.96086 3.58579 4.58579C3.96086 4.21071 4.46957 4 5 4Z\" stroke=\"#966E4F\" stroke-width=\"1.5\" stroke-linecap=\"round\" stroke-linejoin=\"round\"><\/path><\/g><defs><clippath id=\"clip0_3520_4100\"><rect width=\"24\" height=\"24\" fill=\"white\"><\/rect><\/clippath><\/defs><\/svg>\t\t\t\t\t\t<\/span>\n\t\t\t\t\t\t\t\t\t\t<span class=\"elementor-icon-list-text\">Tel\u00e9fono: +34 931 725 151<\/span>\n\t\t\t\t\t\t\t\t\t\t\t<\/a>\n\t\t\t\t\t\t\t\t\t<\/li>\n\t\t\t\t\t\t\t\t<li class=\"elementor-icon-list-item\">\n\t\t\t\t\t\t\t\t\t\t\t<a href=\"https:\/\/wa.me\/34623066533\">\n\n\t\t\t\t\t\t\t\t\t\t\t\t<span class=\"elementor-icon-list-icon\">\n\t\t\t\t\t\t\t<svg xmlns=\"http:\/\/www.w3.org\/2000\/svg\" width=\"24\" height=\"24\" viewbox=\"0 0 24 24\" fill=\"none\"><g clip-path=\"url(#clip0_3520_4105)\"><path d=\"M3 20.9988L4.65 17.1988C3.38766 15.4068 2.82267 13.2158 3.06104 11.0369C3.29942 8.85793 4.32479 6.84089 5.94471 5.36427C7.56463 3.88765 9.66775 3.05296 11.8594 3.01685C14.051 2.98073 16.1805 3.74568 17.8482 5.16812C19.5159 6.59057 20.6071 8.57273 20.9172 10.7426C21.2272 12.9125 20.7347 15.121 19.5321 16.9535C18.3295 18.7861 16.4994 20.1168 14.3854 20.6959C12.2713 21.2749 10.0186 21.0626 8.05 20.0988L3 20.9988Z\" stroke=\"#966E4F\" stroke-width=\"1.5\" stroke-linecap=\"round\" stroke-linejoin=\"round\"><\/path><path d=\"M9 10C9 10.1326 9.05268 10.2598 9.14645 10.3536C9.24021 10.4473 9.36739 10.5 9.5 10.5C9.63261 10.5 9.75979 10.4473 9.85355 10.3536C9.94732 10.2598 10 10.1326 10 10V9C10 8.86739 9.94732 8.74021 9.85355 8.64645C9.75979 8.55268 9.63261 8.5 9.5 8.5C9.36739 8.5 9.24021 8.55268 9.14645 8.64645C9.05268 8.74021 9 8.86739 9 9V10ZM9 10C9 11.3261 9.52678 12.5979 10.4645 13.5355C11.4021 14.4732 12.6739 15 14 15M14 15H15C15.1326 15 15.2598 14.9473 15.3536 14.8536C15.4473 14.7598 15.5 14.6326 15.5 14.5C15.5 14.3674 15.4473 14.2402 15.3536 14.1464C15.2598 14.0527 15.1326 14 15 14H14C13.8674 14 13.7402 14.0527 13.6464 14.1464C13.5527 14.2402 13.5 14.3674 13.5 14.5C13.5 14.6326 13.5527 14.7598 13.6464 14.8536C13.7402 14.9473 13.8674 15 14 15Z\" stroke=\"#966E4F\" stroke-width=\"1.5\" stroke-linecap=\"round\" stroke-linejoin=\"round\"><\/path><\/g><defs><clippath id=\"clip0_3520_4105\"><rect width=\"24\" height=\"24\" fill=\"white\"><\/rect><\/clippath><\/defs><\/svg>\t\t\t\t\t\t<\/span>\n\t\t\t\t\t\t\t\t\t\t<span class=\"elementor-icon-list-text\">WhatsApp: +34 623 066 533<\/span>\n\t\t\t\t\t\t\t\t\t\t\t<\/a>\n\t\t\t\t\t\t\t\t\t<\/li>\n\t\t\t\t\t\t\t\t<li class=\"elementor-icon-list-item\">\n\t\t\t\t\t\t\t\t\t\t\t<span class=\"elementor-icon-list-icon\">\n\t\t\t\t\t\t\t<svg xmlns=\"http:\/\/www.w3.org\/2000\/svg\" width=\"24\" height=\"24\" viewbox=\"0 0 24 24\" fill=\"none\"><g clip-path=\"url(#clip0_3520_4111)\"><path d=\"M3 12C3 13.1819 3.23279 14.3522 3.68508 15.4442C4.13738 16.5361 4.80031 17.5282 5.63604 18.364C6.47177 19.1997 7.46392 19.8626 8.55585 20.3149C9.64778 20.7672 10.8181 21 12 21C13.1819 21 14.3522 20.7672 15.4442 20.3149C16.5361 19.8626 17.5282 19.1997 18.364 18.364C19.1997 17.5282 19.8626 16.5361 20.3149 15.4442C20.7672 14.3522 21 13.1819 21 12C21 10.8181 20.7672 9.64778 20.3149 8.55585C19.8626 7.46392 19.1997 6.47177 18.364 5.63604C17.5282 4.80031 16.5361 4.13738 15.4442 3.68508C14.3522 3.23279 13.1819 3 12 3C10.8181 3 9.64778 3.23279 8.55585 3.68508C7.46392 4.13738 6.47177 4.80031 5.63604 5.63604C4.80031 6.47177 4.13738 7.46392 3.68508 8.55585C3.23279 9.64778 3 10.8181 3 12Z\" stroke=\"#966E4F\" stroke-width=\"1.5\" stroke-linecap=\"round\" stroke-linejoin=\"round\"><\/path><path d=\"M12 12L15 10\" stroke=\"#966E4F\" stroke-width=\"1.5\" stroke-linecap=\"round\" stroke-linejoin=\"round\"><\/path><path d=\"M12 7V12\" stroke=\"#966E4F\" stroke-width=\"1.5\" stroke-linecap=\"round\" stroke-linejoin=\"round\"><\/path><\/g><defs><clippath id=\"clip0_3520_4111\"><rect width=\"24\" height=\"24\" fill=\"white\"><\/rect><\/clippath><\/defs><\/svg>\t\t\t\t\t\t<\/span>\n\t\t\t\t\t\t\t\t\t\t<span class=\"elementor-icon-list-text\">Horario: Recepci\u00f3n 24 h<\/span>\n\t\t\t\t\t\t\t\t\t<\/li>\n\t\t\t\t\t\t<\/ul>\n\t\t\t\t\t\t<\/div>\n\t\t\t\t<\/div>\n\t\t\t\t<\/div>\n\t\t<div class=\"elementor-element elementor-element-3d6e87c e-con-full e-flex e-con e-child\" data-id=\"3d6e87c\" data-element_type=\"container\" data-e-type=\"container\">\n\t\t\t\t<div class=\"elementor-element elementor-element-659c239 elementor-widget elementor-widget-html\" data-id=\"659c239\" data-element_type=\"widget\" data-e-type=\"widget\" data-widget_type=\"html.default\">\n\t\t\t\t\t<iframe src=\"https:\/\/www.google.com\/maps\/embed?pb=!1m18!1m12!1m3!1d2992.891444772548!2d2.1686258!3d41.3981638!2m3!1f0!2f0!3f0!3m2!1i1024!2i768!4f13.1!3m3!1m2!1s0x12a4a2ebca4f14b3%3A0xd7a027cf921581f7!2sPrimavera%20Hostel!5e0!3m2!1ses!2sco!4v1770737030077!5m2!1ses!2sco\" width=\"600\" height=\"350\" style=\"border:0;\" allowfullscreen=\"\" loading=\"lazy\" referrerpolicy=\"no-referrer-when-downgrade\"><\/iframe>\t\t\t\t<\/div>\n\t\t\t\t<\/div>\n\t\t\t\t\t<\/div>\n\t\t\t\t<\/div>\n\t\t\t\t<\/div>","protected":false},"excerpt":{"rendered":"<p>Contacto Estamos aqu\u00ed para ti. Si tienes cualquier duda sobre tu reserva, c\u00f3mo llegar o simplemente quieres m\u00e1s informaci\u00f3n antes de tu viaje, escr\u00edbenos o ll\u00e1manos. Nos encantar\u00e1 ayudarte a planear tu estancia en Barcelona. Informaci\u00f3n de contacto Direcci\u00f3n: Carrer de Mallorca 330 entresuelo, 08037 Barcelona Email: primaverahostel@gmail.com Tel\u00e9fono: +34 931 725 151 WhatsApp: +34 [&hellip;]<\/p>\n","protected":false},"author":1,"featured_media":0,"parent":0,"menu_order":0,"comment_status":"closed","ping_status":"closed","template":"elementor_header_footer","meta":{"footnotes":""},"class_list":["post-27","page","type-page","status-publish","hentry"],"_links":{"self":[{"href":"https:\/\/www.primavera-hostel.com\/en\/wp-json\/wp\/v2\/pages\/27","targetHints":{"allow":["GET"]}}],"collection":[{"href":"https:\/\/www.primavera-hostel.com\/en\/wp-json\/wp\/v2\/pages"}],"about":[{"href":"https:\/\/www.primavera-hostel.com\/en\/wp-json\/wp\/v2\/types\/page"}],"author":[{"embeddable":true,"href":"https:\/\/www.primavera-hostel.com\/en\/wp-json\/wp\/v2\/users\/1"}],"replies":[{"embeddable":true,"href":"https:\/\/www.primavera-hostel.com\/en\/wp-json\/wp\/v2\/comments?post=27"}],"version-history":[{"count":34,"href":"https:\/\/www.primavera-hostel.com\/en\/wp-json\/wp\/v2\/pages\/27\/revisions"}],"predecessor-version":[{"id":1128,"href":"https:\/\/www.primavera-hostel.com\/en\/wp-json\/wp\/v2\/pages\/27\/revisions\/1128"}],"wp:attachment":[{"href":"https:\/\/www.primavera-hostel.com\/en\/wp-json\/wp\/v2\/media?parent=27"}],"curies":[{"name":"wp","href":"https:\/\/api.w.org\/{rel}","templated":true}]}}